{"id":9594,"date":"2022-07-21T17:06:11","date_gmt":"2022-07-21T20:06:11","guid":{"rendered":"http:\/\/riotraumagestao.com.br\/gestao-em-saude\/?page_id=9594"},"modified":"2022-07-21T17:19:45","modified_gmt":"2022-07-21T20:19:45","slug":"rio-de-janeiro","status":"publish","type":"page","link":"https:\/\/riotraumagestao.com.br\/gestao-em-saude\/rio-de-janeiro\/","title":{"rendered":"Rio de janeiro"},"content":{"rendered":"","protected":false},"excerpt":{"rendered":"","protected":false},"author":4,"featured_media":0,"parent":0,"menu_order":0,"comment_status":"closed","ping_status":"closed","template":"","meta":[],"yoast_head":"<!-- This site is optimized with the Yoast SEO plugin v21.0 - https:\/\/yoast.com\/wordpress\/plugins\/seo\/ -->\n<title>Rio de janeiro - Rio Trauma Gest\u00e3o<\/title>\n<meta name=\"robots\" content=\"index, follow, max-snippet:-1, max-image-preview:large, max-video-preview:-1\" \/>\n<link rel=\"canonical\" href=\"https:\/\/riotraumagestao.com.br\/gestao-em-saude\/rio-de-janeiro\/\" \/>\n<meta property=\"og:locale\" content=\"pt_BR\" \/>\n<meta property=\"og:type\" content=\"article\" \/>\n<meta property=\"og:title\" content=\"Rio de janeiro - Rio Trauma Gest\u00e3o\" \/>\n<meta property=\"og:url\" content=\"https:\/\/riotraumagestao.com.br\/gestao-em-saude\/rio-de-janeiro\/\" \/>\n<meta property=\"og:site_name\" content=\"Rio Trauma Gest\u00e3o\" \/>\n<meta property=\"article:modified_time\" content=\"2022-07-21T20:19:45+00:00\" \/>\n<meta name=\"twitter:card\" content=\"summary_large_image\" \/>\n<script type=\"application\/ld+json\" class=\"yoast-schema-graph\">{\"@context\":\"https:\/\/schema.org\",\"@graph\":[{\"@type\":\"WebPage\",\"@id\":\"https:\/\/riotraumagestao.com.br\/gestao-em-saude\/rio-de-janeiro\/\",\"url\":\"https:\/\/riotraumagestao.com.br\/gestao-em-saude\/rio-de-janeiro\/\",\"name\":\"Rio de janeiro - Rio Trauma Gest\u00e3o\",\"isPartOf\":{\"@id\":\"https:\/\/riotraumagestao.com.br\/gestao-em-saude\/#website\"},\"datePublished\":\"2022-07-21T20:06:11+00:00\",\"dateModified\":\"2022-07-21T20:19:45+00:00\",\"breadcrumb\":{\"@id\":\"https:\/\/riotraumagestao.com.br\/gestao-em-saude\/rio-de-janeiro\/#breadcrumb\"},\"inLanguage\":\"pt-BR\",\"potentialAction\":[{\"@type\":\"ReadAction\",\"target\":[\"https:\/\/riotraumagestao.com.br\/gestao-em-saude\/rio-de-janeiro\/\"]}]},{\"@type\":\"BreadcrumbList\",\"@id\":\"https:\/\/riotraumagestao.com.br\/gestao-em-saude\/rio-de-janeiro\/#breadcrumb\",\"itemListElement\":[{\"@type\":\"ListItem\",\"position\":1,\"name\":\"In\u00edcio\",\"item\":\"https:\/\/riotraumagestao.com.br\/gestao-em-saude\/\"},{\"@type\":\"ListItem\",\"position\":2,\"name\":\"Rio de janeiro\"}]},{\"@type\":\"WebSite\",\"@id\":\"https:\/\/riotraumagestao.com.br\/gestao-em-saude\/#website\",\"url\":\"https:\/\/riotraumagestao.com.br\/gestao-em-saude\/\",\"name\":\"Rio Trauma Gest\u00e3o\",\"description\":\"Gest\u00e3o em Sa\u00fade\",\"publisher\":{\"@id\":\"https:\/\/riotraumagestao.com.br\/gestao-em-saude\/#organization\"},\"potentialAction\":[{\"@type\":\"SearchAction\",\"target\":{\"@type\":\"EntryPoint\",\"urlTemplate\":\"https:\/\/riotraumagestao.com.br\/gestao-em-saude\/?s={search_term_string}\"},\"query-input\":\"required name=search_term_string\"}],\"inLanguage\":\"pt-BR\"},{\"@type\":\"Organization\",\"@id\":\"https:\/\/riotraumagestao.com.br\/gestao-em-saude\/#organization\",\"name\":\"Rio Trauma Gest\u00e3o\",\"url\":\"https:\/\/riotraumagestao.com.br\/gestao-em-saude\/\",\"logo\":{\"@type\":\"ImageObject\",\"inLanguage\":\"pt-BR\",\"@id\":\"https:\/\/riotraumagestao.com.br\/gestao-em-saude\/#\/schema\/logo\/image\/\",\"url\":\"https:\/\/riotraumagestao.com.br\/gestao-em-saude\/wp-content\/uploads\/2016\/03\/logo-rio.png\",\"contentUrl\":\"https:\/\/riotraumagestao.com.br\/gestao-em-saude\/wp-content\/uploads\/2016\/03\/logo-rio.png\",\"width\":450,\"height\":208,\"caption\":\"Rio Trauma Gest\u00e3o\"},\"image\":{\"@id\":\"https:\/\/riotraumagestao.com.br\/gestao-em-saude\/#\/schema\/logo\/image\/\"}}]}<\/script>\n<!-- \/ Yoast SEO plugin. -->","yoast_head_json":{"title":"Rio de janeiro - Rio Trauma Gest\u00e3o","robots":{"index":"index","follow":"follow","max-snippet":"max-snippet:-1","max-image-preview":"max-image-preview:large","max-video-preview":"max-video-preview:-1"},"canonical":"https:\/\/riotraumagestao.com.br\/gestao-em-saude\/rio-de-janeiro\/","og_locale":"pt_BR","og_type":"article","og_title":"Rio de janeiro - Rio Trauma Gest\u00e3o","og_url":"https:\/\/riotraumagestao.com.br\/gestao-em-saude\/rio-de-janeiro\/","og_site_name":"Rio Trauma Gest\u00e3o","article_modified_time":"2022-07-21T20:19:45+00:00","twitter_card":"summary_large_image","schema":{"@context":"https:\/\/schema.org","@graph":[{"@type":"WebPage","@id":"https:\/\/riotraumagestao.com.br\/gestao-em-saude\/rio-de-janeiro\/","url":"https:\/\/riotraumagestao.com.br\/gestao-em-saude\/rio-de-janeiro\/","name":"Rio de janeiro - Rio Trauma Gest\u00e3o","isPartOf":{"@id":"https:\/\/riotraumagestao.com.br\/gestao-em-saude\/#website"},"datePublished":"2022-07-21T20:06:11+00:00","dateModified":"2022-07-21T20:19:45+00:00","breadcrumb":{"@id":"https:\/\/riotraumagestao.com.br\/gestao-em-saude\/rio-de-janeiro\/#breadcrumb"},"inLanguage":"pt-BR","potentialAction":[{"@type":"ReadAction","target":["https:\/\/riotraumagestao.com.br\/gestao-em-saude\/rio-de-janeiro\/"]}]},{"@type":"BreadcrumbList","@id":"https:\/\/riotraumagestao.com.br\/gestao-em-saude\/rio-de-janeiro\/#breadcrumb","itemListElement":[{"@type":"ListItem","position":1,"name":"In\u00edcio","item":"https:\/\/riotraumagestao.com.br\/gestao-em-saude\/"},{"@type":"ListItem","position":2,"name":"Rio de janeiro"}]},{"@type":"WebSite","@id":"https:\/\/riotraumagestao.com.br\/gestao-em-saude\/#website","url":"https:\/\/riotraumagestao.com.br\/gestao-em-saude\/","name":"Rio Trauma Gest\u00e3o","description":"Gest\u00e3o em Sa\u00fade","publisher":{"@id":"https:\/\/riotraumagestao.com.br\/gestao-em-saude\/#organization"},"potentialAction":[{"@type":"SearchAction","target":{"@type":"EntryPoint","urlTemplate":"https:\/\/riotraumagestao.com.br\/gestao-em-saude\/?s={search_term_string}"},"query-input":"required name=search_term_string"}],"inLanguage":"pt-BR"},{"@type":"Organization","@id":"https:\/\/riotraumagestao.com.br\/gestao-em-saude\/#organization","name":"Rio Trauma Gest\u00e3o","url":"https:\/\/riotraumagestao.com.br\/gestao-em-saude\/","logo":{"@type":"ImageObject","inLanguage":"pt-BR","@id":"https:\/\/riotraumagestao.com.br\/gestao-em-saude\/#\/schema\/logo\/image\/","url":"https:\/\/riotraumagestao.com.br\/gestao-em-saude\/wp-content\/uploads\/2016\/03\/logo-rio.png","contentUrl":"https:\/\/riotraumagestao.com.br\/gestao-em-saude\/wp-content\/uploads\/2016\/03\/logo-rio.png","width":450,"height":208,"caption":"Rio Trauma Gest\u00e3o"},"image":{"@id":"https:\/\/riotraumagestao.com.br\/gestao-em-saude\/#\/schema\/logo\/image\/"}}]}},"_links":{"self":[{"href":"https:\/\/riotraumagestao.com.br\/gestao-em-saude\/wp-json\/wp\/v2\/pages\/9594"}],"collection":[{"href":"https:\/\/riotraumagestao.com.br\/gestao-em-saude\/wp-json\/wp\/v2\/pages"}],"about":[{"href":"https:\/\/riotraumagestao.com.br\/gestao-em-saude\/wp-json\/wp\/v2\/types\/page"}],"author":[{"embeddable":true,"href":"https:\/\/riotraumagestao.com.br\/gestao-em-saude\/wp-json\/wp\/v2\/users\/4"}],"replies":[{"embeddable":true,"href":"https:\/\/riotraumagestao.com.br\/gestao-em-saude\/wp-json\/wp\/v2\/comments?post=9594"}],"version-history":[{"count":7,"href":"https:\/\/riotraumagestao.com.br\/gestao-em-saude\/wp-json\/wp\/v2\/pages\/9594\/revisions"}],"predecessor-version":[{"id":9622,"href":"https:\/\/riotraumagestao.com.br\/gestao-em-saude\/wp-json\/wp\/v2\/pages\/9594\/revisions\/9622"}],"wp:attachment":[{"href":"https:\/\/riotraumagestao.com.br\/gestao-em-saude\/wp-json\/wp\/v2\/media?parent=9594"}],"curies":[{"name":"wp","href":"https:\/\/api.w.org\/{rel}","templated":true}]}}